{"id":1055,"date":"2020-08-17T15:34:01","date_gmt":"2020-08-17T18:34:01","guid":{"rendered":"https:\/\/isfd68-bue.infd.edu.ar\/sitio\/?page_id=1055"},"modified":"2025-12-04T17:17:48","modified_gmt":"2025-12-04T20:17:48","slug":"ingreso-2021","status":"publish","type":"page","link":"https:\/\/isfd68-bue.infd.edu.ar\/sitio\/ingreso-2021\/","title":{"rendered":"Ingreso 2026"},"content":{"rendered":"\n<p>Estimado\/da ingresante: <\/p>\n\n\n\n<p>Ya esta abierta la inscripci\u00f3n para las carreras de grado y las certificaciones de posgrado. <\/p>\n\n\n\n<p>A) En el caso de las certificaciones Ud. debe completar el formulario correspondiente. Vera que en un momento le solicita documentaci\u00f3n a saber:<\/p>\n\n\n\n<ul>\n<li>DNI frente y reverso<\/li>\n\n\n\n<li>Formulario de inscripcion el cual encontrara en la solapa administracion y planillas para estudiantes.<\/li>\n\n\n\n<li>En el caso que se le dificulte subir la documentaci\u00f3n tenga en cuenta que podr\u00e1 enviarla al mail correspondiente de estudiantes: estudiantes.is68@gmail.com<\/li>\n\n\n\n<li>este mail ser\u00e1 el lazo principal de comunicaci\u00f3n con la instituci\u00f3n.<\/li>\n\n\n\n<li>Luego durante el mes de febrero tendr\u00e1 que acercar a la instituci\u00f3n la documentaci\u00f3n en formato de papel para armar su legajo en formato papel: Este constara de  foto carnet, planilla de inscripci\u00f3n, folio oficio, etiqueta, original y copia de DNI, original y copia de titulo secundario o certificado de titulo de enfermero o Licenciatura en enfermer\u00eda.<\/li>\n<\/ul>\n\n\n\n<p>Certificaci\u00f3n Superior en enfermer\u00eda en neonatolog\u00eda. Resoluci\u00f3n 856\/16<\/p>\n\n\n\n<p>Certificaci\u00f3n Superior en enfermer\u00eda en cuidados cr\u00edticos. Resoluci\u00f3n 669\/16.<\/p>\n\n\n\n<p>B) En el caso de las inscripciones al profesorado de Educaci\u00f3n f\u00edsica y las Tecnicaturas Superior en Psicopedagog\u00eda y Tecnicatura Superior en desarrollo de software los procesos son diferentes.<\/p>\n\n\n\n<p>. En una primera instancia tendr\u00e1 que inscribirse y subir la documentaci\u00f3n correspondiente a la plataforma del SIU Guaran\u00ed:<\/p>\n\n\n\n<p><a href=\"https:\/\/preinscripciones.guarani.abc.gob.ar\/\">https:\/\/preinscripciones.guarani.abc.gob.ar\/<\/a><\/p>\n\n\n\n<h2 class=\"wp-block-heading\">SIU-Preinscripci\u00f3n<\/h2>\n\n\n\n<p>Antes de comenzar el proceso de preinscripci\u00f3n asegurate de tener una direcci\u00f3n de correo electr\u00f3nico v\u00e1lida y que funcione correctamente.<\/p>\n\n\n\n<p>Si ya te preinscribiste, pod\u00e9s ingresar para completar tus datos escribiendo el e-mail y la clave que ingresaste en el proceso de preinscripci\u00f3n.<\/p>\n\n\n\n<p>Tu preinscripci\u00f3n no est\u00e1 completa hasta que presentes toda la documentaci\u00f3n y el formulario obtenido a trav\u00e9s de este sistema, firmado por vos, en el instituto.<\/p>\n\n\n\n<p>Luego durante el mes de febrero tendr\u00e1 que acercar a la instituci\u00f3n la documentaci\u00f3n en formato de papel para armar su legajo en forma presencial. Este constara de foto carnet, planilla de inscripci\u00f3n, folio oficio, etiqueta, original y copia de DNI, original y copia de titulo secundario o certificado de titulo de nivel alcanzado si es que posee otra carrera.<\/p>\n\n\n\n<p>En el caso especifico del profesorado de educaci\u00f3n F\u00edsica luego tendr\u00e1 que completar la documentaci\u00f3n con la ficha medica la cual se compartir\u00e1 por esta pagina mas adelante.<\/p>\n\n\n\n<p> <\/p>\n\n\n\n<p><\/p>\n","protected":false},"excerpt":{"rendered":"<p>Estimado\/da ingresante: Ya esta abierta la inscripci\u00f3n para las carreras de grado y las certificaciones de posgrado. A) En el caso de las certificaciones Ud. debe completar el formulario correspondiente. Vera que en un momento le solicita documentaci\u00f3n a saber: Certificaci\u00f3n Superior en enfermer\u00eda en neonatolog\u00eda. Resoluci\u00f3n 856\/16 Certificaci\u00f3n Superior en enfermer\u00eda en cuidados cr\u00edticos. &#8230; <a title=\"Ingreso 2026\" class=\"read-more\" href=\"https:\/\/isfd68-bue.infd.edu.ar\/sitio\/ingreso-2021\/\" aria-label=\"More on Ingreso 2026\">[+]<\/a><\/p>\n","protected":false},"author":27,"featured_media":0,"parent":0,"menu_order":0,"comment_status":"closed","ping_status":"closed","template":"","meta":[],"acf":[],"_links":{"self":[{"href":"https:\/\/isfd68-bue.infd.edu.ar\/sitio\/wp-json\/wp\/v2\/pages\/1055"}],"collection":[{"href":"https:\/\/isfd68-bue.infd.edu.ar\/sitio\/wp-json\/wp\/v2\/pages"}],"about":[{"href":"https:\/\/isfd68-bue.infd.edu.ar\/sitio\/wp-json\/wp\/v2\/types\/page"}],"author":[{"embeddable":true,"href":"https:\/\/isfd68-bue.infd.edu.ar\/sitio\/wp-json\/wp\/v2\/users\/27"}],"replies":[{"embeddable":true,"href":"https:\/\/isfd68-bue.infd.edu.ar\/sitio\/wp-json\/wp\/v2\/comments?post=1055"}],"version-history":[{"count":16,"href":"https:\/\/isfd68-bue.infd.edu.ar\/sitio\/wp-json\/wp\/v2\/pages\/1055\/revisions"}],"predecessor-version":[{"id":2239,"href":"https:\/\/isfd68-bue.infd.edu.ar\/sitio\/wp-json\/wp\/v2\/pages\/1055\/revisions\/2239"}],"wp:attachment":[{"href":"https:\/\/isfd68-bue.infd.edu.ar\/sitio\/wp-json\/wp\/v2\/media?parent=1055"}],"curies":[{"name":"wp","href":"https:\/\/api.w.org\/{rel}","templated":true}]}}