{"id":1146,"date":"2020-12-02T08:46:18","date_gmt":"2020-12-02T11:46:18","guid":{"rendered":"https:\/\/isfd68-bue.infd.edu.ar\/sitio\/?page_id=1146"},"modified":"2025-12-01T18:46:49","modified_gmt":"2025-12-01T21:46:49","slug":"tecnicatura-superior-en-enfermeria_2021","status":"publish","type":"page","link":"https:\/\/isfd68-bue.infd.edu.ar\/sitio\/tecnicatura-superior-en-enfermeria_2021\/","title":{"rendered":"Certificaci\u00f3n Superior en enfermer\u00eda en cuidados cr\u00edticos. Resol 669\/16"},"content":{"rendered":"\n<p><a href=\"https:\/\/docs.google.com\/forms\/d\/e\/1FAIpQLSfoXP10rDVSrFcuYeq2kHhqYv2MdQzfXqnpgW2LKFcRiWTy6w\/viewform?usp=publish-editor\">https:\/\/docs.google.com\/forms\/d\/e\/1FAIpQLSfoXP10rDVSrFcuYeq2kHhqYv2MdQzfXqnpgW2LKFcRiWTy6w\/viewform?usp=publish-editor<\/a><\/p>\n\n\n<p>\u00a0<\/p>\n<p><strong>Bienvenidos\/as al Instituto Superior de formaci\u00f3n Docente\u00a0 y T\u00e9cnica N\u00b0 68<\/strong>. Es muy grato comenzar el contacto con Uds. en esta oportunidad de manera virtual.\u00a0<strong>Es el primer paso hacia su vida profesional.\u00a0<\/strong><em><strong>\u00a0Les damos la bienvenida y esperamos acompa\u00f1arlos y guiarlos en sus trayectos de formaci\u00f3n.<\/strong><\/em><\/p>\n<p>A continuaci\u00f3n encontrar\u00e1s la informaci\u00f3n necesaria sobre los requisitos y pasos a seguir para la inscripci\u00f3n en la carrera que has elegido estudiar:<\/p>\n<p>1- El d\u00eda 01 de diciembre estar\u00e1 habilitado un link en este mismo espacio donde podr\u00e1s inscribirte completando un formulario.<\/p>\n<p>2- Para completar el formulario cada aspirante deber\u00e1 hacer clic en el link correspondiente a la carrera y completar todos las preguntas obligatorias. Les pedimos que abran una casilla de correo de gmail ya que al colocar este mail recibir\u00e1s en el mismo un correo electr\u00f3nico confirmando la inscripci\u00f3n.<\/p>\n<p>3-Los\/las aspirantes deber\u00e1n completar el formulario adjuntando luego su DNI frente y reverso.<\/p>\n<p>4- El resto de la documentaci\u00f3n necesaria tendr\u00e1s que alcanzarla a nuestra instituci\u00f3n en formato papel.<\/p>\n<p>5- La documentaci\u00f3n que deber\u00e1s alcanzar ser\u00e1 la siguiente a partir de que completes el formulario:<\/p>\n<ul>\n<li>1 foto carnet<\/li>\n<li>Ficha de inscripci\u00f3n(debes bajarla, completarla y acercarla a la instituci\u00f3n)<\/li>\n<li>fotocopia de titulo de enfermero\/a o licenciado en enfermer\u00eda.<\/li>\n<li>DNI frente y reverso<\/li>\n<li>partida de nacimiento<\/li>\n<\/ul>\n<p>Los\/las esperamos,<\/p>\n<p>un gran saludo,<\/p>\n<p>Equipo Institucional<\/p>\n<p>\u00a0<\/p>","protected":false},"excerpt":{"rendered":"<p>https:\/\/docs.google.com\/forms\/d\/e\/1FAIpQLSfoXP10rDVSrFcuYeq2kHhqYv2MdQzfXqnpgW2LKFcRiWTy6w\/viewform?usp=publish-editor \u00a0 Bienvenidos\/as al Instituto Superior de formaci\u00f3n Docente\u00a0 y T\u00e9cnica N\u00b0 68. Es muy grato comenzar el contacto con Uds. en esta oportunidad de manera virtual.\u00a0Es el primer paso hacia su vida profesional.\u00a0\u00a0Les damos la bienvenida y esperamos acompa\u00f1arlos y guiarlos en sus trayectos de formaci\u00f3n. A continuaci\u00f3n encontrar\u00e1s la informaci\u00f3n necesaria sobre los &#8230; <a title=\"Certificaci\u00f3n Superior en enfermer\u00eda en cuidados cr\u00edticos. Resol 669\/16\" class=\"read-more\" href=\"https:\/\/isfd68-bue.infd.edu.ar\/sitio\/tecnicatura-superior-en-enfermeria_2021\/\" aria-label=\"More on Certificaci\u00f3n Superior en enfermer\u00eda en cuidados cr\u00edticos. Resol 669\/16\">[+]<\/a><\/p>\n","protected":false},"author":27,"featured_media":0,"parent":0,"menu_order":0,"comment_status":"closed","ping_status":"closed","template":"","meta":[],"acf":[],"_links":{"self":[{"href":"https:\/\/isfd68-bue.infd.edu.ar\/sitio\/wp-json\/wp\/v2\/pages\/1146"}],"collection":[{"href":"https:\/\/isfd68-bue.infd.edu.ar\/sitio\/wp-json\/wp\/v2\/pages"}],"about":[{"href":"https:\/\/isfd68-bue.infd.edu.ar\/sitio\/wp-json\/wp\/v2\/types\/page"}],"author":[{"embeddable":true,"href":"https:\/\/isfd68-bue.infd.edu.ar\/sitio\/wp-json\/wp\/v2\/users\/27"}],"replies":[{"embeddable":true,"href":"https:\/\/isfd68-bue.infd.edu.ar\/sitio\/wp-json\/wp\/v2\/comments?post=1146"}],"version-history":[{"count":28,"href":"https:\/\/isfd68-bue.infd.edu.ar\/sitio\/wp-json\/wp\/v2\/pages\/1146\/revisions"}],"predecessor-version":[{"id":2169,"href":"https:\/\/isfd68-bue.infd.edu.ar\/sitio\/wp-json\/wp\/v2\/pages\/1146\/revisions\/2169"}],"wp:attachment":[{"href":"https:\/\/isfd68-bue.infd.edu.ar\/sitio\/wp-json\/wp\/v2\/media?parent=1146"}],"curies":[{"name":"wp","href":"https:\/\/api.w.org\/{rel}","templated":true}]}}