{"id":1165,"date":"2020-12-14T14:01:50","date_gmt":"2020-12-14T17:01:50","guid":{"rendered":"https:\/\/isfd68-bue.infd.edu.ar\/sitio\/?page_id=1165"},"modified":"2025-12-03T14:40:20","modified_gmt":"2025-12-03T17:40:20","slug":"coberturas_2021","status":"publish","type":"page","link":"https:\/\/isfd68-bue.infd.edu.ar\/sitio\/coberturas_2021\/","title":{"rendered":"COBERTURAS_2026"},"content":{"rendered":"\n<p>Para el cargo de <strong>PROFESOR\/A<\/strong><\/p>\n\n\n\n<p>Se habilitar\u00e1n los formularios de inscripci\u00f3n en las fechas publicadas.<\/p>\n\n\n\n<p><a href=\"https:\/\/docs.google.com\/forms\/d\/e\/1FAIpQLSdL3eNDQ_uVkGedCQw0egrILbCCfDvLn8ZlMTy9PKPfJL7BQA\/viewform?usp=publish-editor\">https:\/\/docs.google.com\/forms\/d\/e\/1FAIpQLSdL3eNDQ_uVkGedCQw0egrILbCCfDvLn8ZlMTy9PKPfJL7BQA\/viewform?usp=publish-editor<\/a><\/p>\n\n\n<p><span style=\"color: #800080;\"><strong>Estimados\/as aspirantes a cubrir espacios curriculares de nuestra instituci\u00f3n<\/strong><\/span>:<\/p>\n<p>Detallaremos a continuaci\u00f3n los pasos a seguir en relaci\u00f3n a las inscripciones como profesores a nuestras carreras:<\/p>\n<p>1-Previo a la inscripci\u00f3n Uds. Podr\u00e1n consultar la resoluci\u00f3n 5886\/03 y&nbsp; documentos de asesoramiento que est\u00e1n en nuestra p\u00e1gina virtual. (Secci\u00f3n de profesores \u201cConcursos, actos p\u00fablicos y desempe\u00f1o institucional)<\/p>\n<p>Los interesados podr\u00e1n consultar sobre condiciones, documentaci\u00f3n a presentar, Comisiones Evaluadoras, contenidos a desarrollar, etc., dirigi\u00e9ndose al correo isfd68@gmail.com asunto:&nbsp;<strong> consultas, apellido y nombre, carrera y espacio<\/strong>.<\/p>\n<p><em><strong>Aclaraci\u00f3n<\/strong><\/em>: los docentes que ya han entregado sus legajos a\u00f1os anteriores les pedimos que si actualicen su ANEXO III y env\u00eden digitalizado solo lo que avale capacitaciones, acciones docentes que han realizado desde la entrega del legajo..<\/p>\n<p>Les pedimos que utilicen el correo del ABC (SAD los designar\u00e1 por este proveedor) si es que lo poseen o bien un correo Gmail. Tengan cuidado de colocarlo correctamente ya que recibir\u00e1n un correo de confirmaci\u00f3n de su vuestra inscripci\u00f3n en el mismo. Recuerden que podr\u00e1n llenar un solo formulario por vez. (uno por cada carrera a la que deseen inscribirse para las coberturas).<\/p>\n<p>2- La Inscripci\u00f3n ser\u00e1 en Formato Digital en la P\u00e1gina institucional https:\/\/isfd68.bue.infd.edu.ar\/sitio\/datos\/ con un link que se habilitar\u00e1 &#8211; (Formulario que estar\u00e1 habilitado en horario institucional: de 13.30 a 20.00 horas). Sacaras la pesta\u00f1a que represente la carrera donde quieres inscribirte y encontrar\u00e1s el link. ( solo los espacios de la ultima difusi\u00f3n).<\/p>\n<p>3- Posteriormente deber\u00e1n completar el ANEXO III,<a href=\"https:\/\/isfd68-bue.infd.edu.ar\/sitio\/wp-content\/uploads\/2020\/12\/Anexo_III.doc\">Anexo_III<\/a> con su correspondiente <strong>legajo digitalizado<\/strong>&nbsp; como probanzas(enviarlo el mismo d\u00eda de completar el formulario a isfd68@gmail.com en un solo archivo colocando en el asunto: <strong>apellido, nombre_Anexo III<\/strong>). Recuerde que el mismo es una declaraci\u00f3n jurada.<\/p>\n<p>Adjuntar tambi\u00e9n la oblea del listado de Nivel superior (2025) la cual la extraes de la pagina del ABC. (listado 108 A\/ listado 108 B).<\/p>\n<p>5- La Propuesta Pedag\u00f3gica ser\u00e1 presentada en forma digitalizada al correo: isfd68@gmail.com. Al respecto deber\u00e1s colocar en el Asunto: <b>Apellido_Nombres, Carrera y Espacio.&nbsp;<\/b><\/p>\n<p>Los\/las esperamos,<\/p>\n<p>un saludo cordial,<\/p>\n<p>Equipo Institucional.<\/p>","protected":false},"excerpt":{"rendered":"<p>Para el cargo de PROFESOR\/A Se habilitar\u00e1n los formularios de inscripci\u00f3n en las fechas publicadas. https:\/\/docs.google.com\/forms\/d\/e\/1FAIpQLSdL3eNDQ_uVkGedCQw0egrILbCCfDvLn8ZlMTy9PKPfJL7BQA\/viewform?usp=publish-editor Estimados\/as aspirantes a cubrir espacios curriculares de nuestra instituci\u00f3n: Detallaremos a continuaci\u00f3n los pasos a seguir en relaci\u00f3n a las inscripciones como profesores a nuestras carreras: 1-Previo a la inscripci\u00f3n Uds. Podr\u00e1n consultar la resoluci\u00f3n 5886\/03 y&nbsp; documentos de &#8230; <a title=\"COBERTURAS_2026\" class=\"read-more\" href=\"https:\/\/isfd68-bue.infd.edu.ar\/sitio\/coberturas_2021\/\" aria-label=\"More on COBERTURAS_2026\">[+]<\/a><\/p>\n","protected":false},"author":27,"featured_media":0,"parent":0,"menu_order":0,"comment_status":"closed","ping_status":"closed","template":"","meta":[],"acf":[],"_links":{"self":[{"href":"https:\/\/isfd68-bue.infd.edu.ar\/sitio\/wp-json\/wp\/v2\/pages\/1165"}],"collection":[{"href":"https:\/\/isfd68-bue.infd.edu.ar\/sitio\/wp-json\/wp\/v2\/pages"}],"about":[{"href":"https:\/\/isfd68-bue.infd.edu.ar\/sitio\/wp-json\/wp\/v2\/types\/page"}],"author":[{"embeddable":true,"href":"https:\/\/isfd68-bue.infd.edu.ar\/sitio\/wp-json\/wp\/v2\/users\/27"}],"replies":[{"embeddable":true,"href":"https:\/\/isfd68-bue.infd.edu.ar\/sitio\/wp-json\/wp\/v2\/comments?post=1165"}],"version-history":[{"count":26,"href":"https:\/\/isfd68-bue.infd.edu.ar\/sitio\/wp-json\/wp\/v2\/pages\/1165\/revisions"}],"predecessor-version":[{"id":2217,"href":"https:\/\/isfd68-bue.infd.edu.ar\/sitio\/wp-json\/wp\/v2\/pages\/1165\/revisions\/2217"}],"wp:attachment":[{"href":"https:\/\/isfd68-bue.infd.edu.ar\/sitio\/wp-json\/wp\/v2\/media?parent=1165"}],"curies":[{"name":"wp","href":"https:\/\/api.w.org\/{rel}","templated":true}]}}