{"id":1180,"date":"2020-12-14T14:18:12","date_gmt":"2020-12-14T17:18:12","guid":{"rendered":"https:\/\/isfd68-bue.infd.edu.ar\/sitio\/?page_id=1180"},"modified":"2025-12-03T14:51:42","modified_gmt":"2025-12-03T17:51:42","slug":"profesorado-de-educacion-fisica_4to-ano","status":"publish","type":"page","link":"https:\/\/isfd68-bue.infd.edu.ar\/sitio\/profesorado-de-educacion-fisica_4to-ano\/","title":{"rendered":"Enfermeria en cuidados criticos_I"},"content":{"rendered":"<p>\u00a0<\/p>\n<p>Estimado\/a aspirante:<\/p>\n<p><a href=\"https:\/\/docs.google.com\/forms\/d\/e\/1FAIpQLSewA_0u66dP5qFCxOh3b6JlDMo9FGlIdFSVfS_rWLYPvmmk5w\/viewform?usp=dialog\">https:\/\/docs.google.com\/forms\/d\/e\/1FAIpQLSewA_0u66dP5qFCxOh3b6JlDMo9FGlIdFSVfS_rWLYPvmmk5w\/viewform?usp=dialog<\/a><\/p>\n<p>al entrar al formulario lea con atenci\u00f3n las indicaciones luego recuerde que:<\/p>\n<p>Deber\u00e1 enviar a ISFD68@gmail.com: en un solo archivo: *DNI (Frente y Dorso) *T\u00edtulo habilitante- ;*Anexo III Guardar el archivo de la siguiente manera: ApellidoNombre_AnexoIII- LUEGO DEBER\u00c1 PDFIARLO\u2013<\/p>\n<p>Deber\u00e1 enviar simult\u00e1neamente al mail citado el proyecto del espacio al que Ud. aspira a concursar.<\/p>\n<p>Considere que reci\u00e9n de esta forma Ud. estar\u00e1 inscripto\u2026Muchas gracias<\/p>\n<p>\u00a0<\/p>\n\n\n<p><\/p>\n","protected":false},"excerpt":{"rendered":"<p>\u00a0 Estimado\/a aspirante: https:\/\/docs.google.com\/forms\/d\/e\/1FAIpQLSewA_0u66dP5qFCxOh3b6JlDMo9FGlIdFSVfS_rWLYPvmmk5w\/viewform?usp=dialog al entrar al formulario lea con atenci\u00f3n las indicaciones luego recuerde que: Deber\u00e1 enviar a ISFD68@gmail.com: en un solo archivo: *DNI (Frente y Dorso) *T\u00edtulo habilitante- ;*Anexo III Guardar el archivo de la siguiente manera: ApellidoNombre_AnexoIII- LUEGO DEBER\u00c1 PDFIARLO\u2013 Deber\u00e1 enviar simult\u00e1neamente al mail citado el proyecto del espacio al que &#8230; <a title=\"Enfermeria en cuidados criticos_I\" class=\"read-more\" href=\"https:\/\/isfd68-bue.infd.edu.ar\/sitio\/profesorado-de-educacion-fisica_4to-ano\/\" aria-label=\"More on Enfermeria en cuidados criticos_I\">[+]<\/a><\/p>\n","protected":false},"author":27,"featured_media":0,"parent":0,"menu_order":0,"comment_status":"closed","ping_status":"closed","template":"","meta":[],"acf":[],"_links":{"self":[{"href":"https:\/\/isfd68-bue.infd.edu.ar\/sitio\/wp-json\/wp\/v2\/pages\/1180"}],"collection":[{"href":"https:\/\/isfd68-bue.infd.edu.ar\/sitio\/wp-json\/wp\/v2\/pages"}],"about":[{"href":"https:\/\/isfd68-bue.infd.edu.ar\/sitio\/wp-json\/wp\/v2\/types\/page"}],"author":[{"embeddable":true,"href":"https:\/\/isfd68-bue.infd.edu.ar\/sitio\/wp-json\/wp\/v2\/users\/27"}],"replies":[{"embeddable":true,"href":"https:\/\/isfd68-bue.infd.edu.ar\/sitio\/wp-json\/wp\/v2\/comments?post=1180"}],"version-history":[{"count":37,"href":"https:\/\/isfd68-bue.infd.edu.ar\/sitio\/wp-json\/wp\/v2\/pages\/1180\/revisions"}],"predecessor-version":[{"id":2222,"href":"https:\/\/isfd68-bue.infd.edu.ar\/sitio\/wp-json\/wp\/v2\/pages\/1180\/revisions\/2222"}],"wp:attachment":[{"href":"https:\/\/isfd68-bue.infd.edu.ar\/sitio\/wp-json\/wp\/v2\/media?parent=1180"}],"curies":[{"name":"wp","href":"https:\/\/api.w.org\/{rel}","templated":true}]}}