{"id":286,"date":"2016-10-31T13:17:59","date_gmt":"2016-10-31T16:17:59","guid":{"rendered":"https:\/\/isfd68-bue.infd.edu.ar\/sitio\/?page_id=286"},"modified":"2025-10-07T20:43:53","modified_gmt":"2025-10-07T23:43:53","slug":"inicio","status":"publish","type":"page","link":"https:\/\/isfd68-bue.infd.edu.ar\/sitio\/","title":{"rendered":"Tecnicatura Superior en Desarrollo de Software:"},"content":{"rendered":"<table id=\"table1\" style=\"width: 100%;\" border=\"1\" cellspacing=\"0\" cellpadding=\"10\" align=\"center\">\n<tbody>\n<tr>\n<td align=\"left\" valign=\"middle\">\n<h1 style=\"text-align: center;\"><strong><span style=\"color: #3e748e; font-family: trebuchet ms,geneva; font-size: 14pt;\">Instituto Superior de Formaci\u00f3n Docente y T\u00e9cnica N\u00ba 68<\/span><\/strong><\/h1>\n<p style=\"text-align: left;\"><span style=\"font-family: trebuchet ms,geneva; font-size: 10pt;\"><span style=\"color: black;\">E<\/span><span style=\"color: black;\">ste Instituto Superior de Formaci\u00f3n Docente y T\u00e9cnica forma parte del sistema de educaci\u00f3n p\u00fablica de gesti\u00f3n estatal.<\/span><\/span><\/p>\n<p><span style=\"color: black; font-family: trebuchet ms,geneva; font-size: 10pt;\">A trav\u00e9s de este sitio en Internet, nuestro Instituto podr\u00e1 comunicar novedades, acercar informaci\u00f3n, compartir experiencias y brindar apoyo y asesoramiento a&nbsp;alumnos, docentes e interesados en formar parte de esta comunidad educativa.<\/span><\/p>\n<p><span style=\"font-family: trebuchet ms,geneva;\"><span style=\"color: black;\"><img decoding=\"async\" src=\"https:\/\/isfd68-bue.infd.edu.ar\/sitio\/wp-content\/uploads\/2018\/08\/la_red.jpg\" alt=\"Red virtual\" align=\"left\" border=\"0\" hspace=\"10\"><\/span><\/span><\/p>\n<p><span style=\"font-family: trebuchet ms,geneva; font-size: 10pt;\"><span style=\"color: black;\">Junto con varios cientos de Institutos, integramos la <strong><em>Red&nbsp;Virtual de Institutos Superiores de Formaci\u00f3n Docente<\/em><\/strong>&nbsp;coordinada por el <strong>INFD<\/strong> (Instituto Nacional de Formaci\u00f3n Docente) dependiente del Ministerio de Educaci\u00f3n de la Naci\u00f3n Argentina.<\/span><\/span><\/td>\n<\/tr>\n<\/tbody>\n<\/table>\n","protected":false},"excerpt":{"rendered":"<p>Instituto Superior de Formaci\u00f3n Docente y T\u00e9cnica N\u00ba 68 Este Instituto Superior de Formaci\u00f3n Docente y T\u00e9cnica forma parte del sistema de educaci\u00f3n p\u00fablica de gesti\u00f3n estatal. A trav\u00e9s de este sitio en Internet, nuestro Instituto podr\u00e1 comunicar novedades, acercar informaci\u00f3n, compartir experiencias y brindar apoyo y asesoramiento a&nbsp;alumnos, docentes e interesados en formar parte &#8230; <a title=\"Tecnicatura Superior en Desarrollo de Software:\" class=\"read-more\" href=\"https:\/\/isfd68-bue.infd.edu.ar\/sitio\/\" aria-label=\"More on Tecnicatura Superior en Desarrollo de Software:\">[+]<\/a><\/p>\n","protected":false},"author":27,"featured_media":0,"parent":0,"menu_order":0,"comment_status":"closed","ping_status":"closed","template":"","meta":[],"acf":[],"_links":{"self":[{"href":"https:\/\/isfd68-bue.infd.edu.ar\/sitio\/wp-json\/wp\/v2\/pages\/286"}],"collection":[{"href":"https:\/\/isfd68-bue.infd.edu.ar\/sitio\/wp-json\/wp\/v2\/pages"}],"about":[{"href":"https:\/\/isfd68-bue.infd.edu.ar\/sitio\/wp-json\/wp\/v2\/types\/page"}],"author":[{"embeddable":true,"href":"https:\/\/isfd68-bue.infd.edu.ar\/sitio\/wp-json\/wp\/v2\/users\/27"}],"replies":[{"embeddable":true,"href":"https:\/\/isfd68-bue.infd.edu.ar\/sitio\/wp-json\/wp\/v2\/comments?post=286"}],"version-history":[{"count":93,"href":"https:\/\/isfd68-bue.infd.edu.ar\/sitio\/wp-json\/wp\/v2\/pages\/286\/revisions"}],"predecessor-version":[{"id":2161,"href":"https:\/\/isfd68-bue.infd.edu.ar\/sitio\/wp-json\/wp\/v2\/pages\/286\/revisions\/2161"}],"wp:attachment":[{"href":"https:\/\/isfd68-bue.infd.edu.ar\/sitio\/wp-json\/wp\/v2\/media?parent=286"}],"curies":[{"name":"wp","href":"https:\/\/api.w.org\/{rel}","templated":true}]}}