{"id":726,"date":"2018-08-29T16:41:57","date_gmt":"2018-08-29T19:41:57","guid":{"rendered":"https:\/\/isfd68-bue.infd.edu.ar\/sitio\/profesorado-en-letras\/"},"modified":"2020-08-15T19:27:44","modified_gmt":"2020-08-15T22:27:44","slug":"profesorado-educacion-primaria","status":"publish","type":"page","link":"https:\/\/isfd68-bue.infd.edu.ar\/sitio\/profesorado-educacion-primaria\/","title":{"rendered":"Profesorados"},"content":{"rendered":"<p align=\"left\"><span style=\"color: #cc6600; font-family: Arial; font-size: medium;\"><strong>\u00a0<\/strong><\/span><\/p>\n<p align=\"left\"><span style=\"font-family: verdana,geneva; font-size: small;\">El Profesorado en educaci\u00f3n primaria tiene como objetivo principal formar docentes bajo la noci\u00f3n de ense\u00f1anza como proceso de reconstrucci\u00f3n cultural y de la propia transmisi\u00f3n.<\/span><\/p>\n<p align=\"left\"><span style=\"font-family: verdana,geneva; font-size: small;\">La formaci\u00f3n integral e integrada que se cristaliza a partir de dos ejes vertebradores:\u00a0<\/span><\/p>\n<ul>\n<li>\n<p style=\"margin-right: 20px;\" align=\"justify\"><span style=\"font-family: verdana,geneva; font-size: small;\">la formaci\u00f3n pedag\u00f3gica que involucra la preparaci\u00f3n en la actividad de la ense\u00f1anza a trav\u00e9s del abordaje de las diferentes metodolog\u00edas que conforman el quehacer \u00e1ulico;\u00a0<\/span><\/p>\n<\/li>\n<li>\n<p style=\"margin-right: 20px;\" align=\"justify\"><span style=\"font-family: verdana,geneva; font-size: small;\">la formaci\u00f3n del docente como trabajador de la cultura y el sentido de la pr\u00e1ctica docente que incluye un posicionamiento social y el reconocimiento de la dimensi\u00f3n pol\u00edtica en la docencia. En este sentido consideramos al docente como trabajador cultural, como transmisor, movilizador y creador de la culturas.<br \/>\n<\/span><\/p>\n<\/li>\n<li><em>La siguiente direcci\u00f3n de enlace permite acceder al dise\u00f1o curricular del profesorado de educaci\u00f3n primaria<\/em><\/li>\n<li><a title=\"Dise\u00f1o Curricular Educaci\u00f3n Primaria e Inicial res 4154\/07\" href=\"http:\/\/abc.gov.ar\/lainstitucion\/organismos\/consejogeneral\/disenioscurriculares\/documentosdescarga\/dcurricularsuperior.pdf\" target=\"_blank\" rel=\"noopener\">http:\/\/abc.gov.ar\/lainstitucion\/organismos\/consejogeneral\/disenioscurriculares\/documentosdescarga\/dcurricularsuperior.pdf<\/a><\/li>\n<\/ul>\n","protected":false},"excerpt":{"rendered":"<p>\u00a0 El Profesorado en educaci\u00f3n primaria tiene como objetivo principal formar docentes bajo la noci\u00f3n de ense\u00f1anza como proceso de reconstrucci\u00f3n cultural y de la propia transmisi\u00f3n. La formaci\u00f3n integral e integrada que se cristaliza a partir de dos ejes vertebradores:\u00a0 la formaci\u00f3n pedag\u00f3gica que involucra la preparaci\u00f3n en la actividad de la ense\u00f1anza a &#8230; <a title=\"Profesorados\" class=\"read-more\" href=\"https:\/\/isfd68-bue.infd.edu.ar\/sitio\/profesorado-educacion-primaria\/\" aria-label=\"More on Profesorados\">[+]<\/a><\/p>\n","protected":false},"author":7,"featured_media":0,"parent":0,"menu_order":0,"comment_status":"closed","ping_status":"closed","template":"","meta":[],"acf":[],"_links":{"self":[{"href":"https:\/\/isfd68-bue.infd.edu.ar\/sitio\/wp-json\/wp\/v2\/pages\/726"}],"collection":[{"href":"https:\/\/isfd68-bue.infd.edu.ar\/sitio\/wp-json\/wp\/v2\/pages"}],"about":[{"href":"https:\/\/isfd68-bue.infd.edu.ar\/sitio\/wp-json\/wp\/v2\/types\/page"}],"author":[{"embeddable":true,"href":"https:\/\/isfd68-bue.infd.edu.ar\/sitio\/wp-json\/wp\/v2\/users\/7"}],"replies":[{"embeddable":true,"href":"https:\/\/isfd68-bue.infd.edu.ar\/sitio\/wp-json\/wp\/v2\/comments?post=726"}],"version-history":[{"count":7,"href":"https:\/\/isfd68-bue.infd.edu.ar\/sitio\/wp-json\/wp\/v2\/pages\/726\/revisions"}],"predecessor-version":[{"id":874,"href":"https:\/\/isfd68-bue.infd.edu.ar\/sitio\/wp-json\/wp\/v2\/pages\/726\/revisions\/874"}],"wp:attachment":[{"href":"https:\/\/isfd68-bue.infd.edu.ar\/sitio\/wp-json\/wp\/v2\/media?parent=726"}],"curies":[{"name":"wp","href":"https:\/\/api.w.org\/{rel}","templated":true}]}}