{"id":738,"date":"2018-08-29T16:42:01","date_gmt":"2018-08-29T19:42:01","guid":{"rendered":"https:\/\/isfd68-bue.infd.edu.ar\/sitio\/otros-proyectos-institucionales\/"},"modified":"2021-09-17T01:49:35","modified_gmt":"2021-09-17T04:49:35","slug":"estudiantes","status":"publish","type":"page","link":"https:\/\/isfd68-bue.infd.edu.ar\/sitio\/estudiantes\/","title":{"rendered":"Estudiantes"},"content":{"rendered":"<p>-Soy estudiante Nuevo<\/p>\n<p>-Asociaci\u00f3n cooperadora<\/p>\n<p>-Becas<\/p>\n<p>-Centro de estudiantes<\/p>\n<p>-Libreta de estudiante<\/p>\n<p>-Actualizaci\u00f3n de la documentaci\u00f3n<\/p>\n<p>-Solicitud de Pases<\/p>\n<p>-Solicitud de constancias y certificados<\/p>\n","protected":false},"excerpt":{"rendered":"<p>-Soy estudiante Nuevo -Asociaci\u00f3n cooperadora -Becas -Centro de estudiantes -Libreta de estudiante -Actualizaci\u00f3n de la documentaci\u00f3n -Solicitud de Pases -Solicitud de constancias y certificados<\/p>\n","protected":false},"author":7,"featured_media":0,"parent":0,"menu_order":0,"comment_status":"closed","ping_status":"closed","template":"","meta":[],"acf":[],"_links":{"self":[{"href":"https:\/\/isfd68-bue.infd.edu.ar\/sitio\/wp-json\/wp\/v2\/pages\/738"}],"collection":[{"href":"https:\/\/isfd68-bue.infd.edu.ar\/sitio\/wp-json\/wp\/v2\/pages"}],"about":[{"href":"https:\/\/isfd68-bue.infd.edu.ar\/sitio\/wp-json\/wp\/v2\/types\/page"}],"author":[{"embeddable":true,"href":"https:\/\/isfd68-bue.infd.edu.ar\/sitio\/wp-json\/wp\/v2\/users\/7"}],"replies":[{"embeddable":true,"href":"https:\/\/isfd68-bue.infd.edu.ar\/sitio\/wp-json\/wp\/v2\/comments?post=738"}],"version-history":[{"count":2,"href":"https:\/\/isfd68-bue.infd.edu.ar\/sitio\/wp-json\/wp\/v2\/pages\/738\/revisions"}],"predecessor-version":[{"id":909,"href":"https:\/\/isfd68-bue.infd.edu.ar\/sitio\/wp-json\/wp\/v2\/pages\/738\/revisions\/909"}],"wp:attachment":[{"href":"https:\/\/isfd68-bue.infd.edu.ar\/sitio\/wp-json\/wp\/v2\/media?parent=738"}],"curies":[{"name":"wp","href":"https:\/\/api.w.org\/{rel}","templated":true}]}}