{"id":751,"date":"2018-08-29T16:42:04","date_gmt":"2018-08-29T19:42:04","guid":{"rendered":"https:\/\/isfd68-bue.infd.edu.ar\/sitio\/solicitud-de-preinscripcion\/"},"modified":"2025-12-01T21:08:34","modified_gmt":"2025-12-02T00:08:34","slug":"solicitud-de-preinscripcion","status":"publish","type":"page","link":"https:\/\/isfd68-bue.infd.edu.ar\/sitio\/profesorado-educacion-primaria\/solicitud-de-preinscripcion\/","title":{"rendered":"Profesorado de Educaci\u00f3n F\u00edsica_I"},"content":{"rendered":"<p>Resoluci\u00f3n del profesorado de Educaci\u00f3n F\u00edsica y sus correlatividades <a href=\"https:\/\/isfd68-bue.infd.edu.ar\/sitio\/wp-content\/uploads\/2021\/04\/res2432-09fd_educ_fisica.pdf\">res2432-09fd_educ_fisica<\/a><\/p>\n<p>Se han abierto las cohortes el a\u00f1o 2015 y 2018..<\/p>\n","protected":false},"excerpt":{"rendered":"<p>Resoluci\u00f3n del profesorado de Educaci\u00f3n F\u00edsica y sus correlatividades res2432-09fd_educ_fisica Se han abierto las cohortes el a\u00f1o 2015 y 2018..<\/p>\n","protected":false},"author":7,"featured_media":0,"parent":726,"menu_order":0,"comment_status":"closed","ping_status":"closed","template":"","meta":[],"acf":[],"_links":{"self":[{"href":"https:\/\/isfd68-bue.infd.edu.ar\/sitio\/wp-json\/wp\/v2\/pages\/751"}],"collection":[{"href":"https:\/\/isfd68-bue.infd.edu.ar\/sitio\/wp-json\/wp\/v2\/pages"}],"about":[{"href":"https:\/\/isfd68-bue.infd.edu.ar\/sitio\/wp-json\/wp\/v2\/types\/page"}],"author":[{"embeddable":true,"href":"https:\/\/isfd68-bue.infd.edu.ar\/sitio\/wp-json\/wp\/v2\/users\/7"}],"replies":[{"embeddable":true,"href":"https:\/\/isfd68-bue.infd.edu.ar\/sitio\/wp-json\/wp\/v2\/comments?post=751"}],"version-history":[{"count":4,"href":"https:\/\/isfd68-bue.infd.edu.ar\/sitio\/wp-json\/wp\/v2\/pages\/751\/revisions"}],"predecessor-version":[{"id":2198,"href":"https:\/\/isfd68-bue.infd.edu.ar\/sitio\/wp-json\/wp\/v2\/pages\/751\/revisions\/2198"}],"up":[{"embeddable":true,"href":"https:\/\/isfd68-bue.infd.edu.ar\/sitio\/wp-json\/wp\/v2\/pages\/726"}],"wp:attachment":[{"href":"https:\/\/isfd68-bue.infd.edu.ar\/sitio\/wp-json\/wp\/v2\/media?parent=751"}],"curies":[{"name":"wp","href":"https:\/\/api.w.org\/{rel}","templated":true}]}}