{"id":772,"date":"2018-08-29T16:42:09","date_gmt":"2018-08-29T19:42:09","guid":{"rendered":"https:\/\/isfd68-bue.infd.edu.ar\/sitio\/autoridades\/"},"modified":"2024-11-01T19:05:38","modified_gmt":"2024-11-01T22:05:38","slug":"autoridades","status":"publish","type":"page","link":"https:\/\/isfd68-bue.infd.edu.ar\/sitio\/autoridades\/","title":{"rendered":"Autoridades"},"content":{"rendered":"<p><span style=\"color: #cc6600; font-family: arial,helvetica,sans-serif; font-size: medium;\"><strong>Directora: Prof. Laura Andrea Palavecino<\/strong><\/span><\/p>\n<p><span style=\"color: #ff6600;\"><span style=\"color: #99cc00;\">Secretaria:<\/span> <span style=\"color: #000080;\">Lic. Mar\u00eda Marta Landino<\/span><\/span><\/p>\n<p><span style=\"color: #339966;\">Bibliotecaria<\/span>: Prof. Laura Cecilia Garc\u00eda<\/p>\n<p><span style=\"color: #339966;\">Fonoaudi\u00f3loga<\/span>: Prof. Mar\u00eda Marta Landino<\/p>\n<p><span style=\"color: #339966;\">Preceptoras: <\/span><\/p>\n<p>Prof. Fernanda Mar\u00eda Celeste Molina<\/p>\n<p>Prof. Jesica Fern\u00e1ndez<\/p>\n<p><span style=\"color: #339966;\">Auxiliares:<\/span><\/p>\n<p>Sra. Andrea Fabiana Pintos<\/p>\n<p>Sra. Lalanda Isabel Mar\u00eda Teresa<\/p>\n","protected":false},"excerpt":{"rendered":"<p>Directora: Prof. Laura Andrea Palavecino Secretaria: Lic. Mar\u00eda Marta Landino Bibliotecaria: Prof. Laura Cecilia Garc\u00eda Fonoaudi\u00f3loga: Prof. Mar\u00eda Marta Landino Preceptoras: Prof. Fernanda Mar\u00eda Celeste Molina Prof. Jesica Fern\u00e1ndez Auxiliares: Sra. Andrea Fabiana Pintos Sra. Lalanda Isabel Mar\u00eda Teresa<\/p>\n","protected":false},"author":4,"featured_media":0,"parent":0,"menu_order":0,"comment_status":"closed","ping_status":"closed","template":"","meta":[],"acf":[],"_links":{"self":[{"href":"https:\/\/isfd68-bue.infd.edu.ar\/sitio\/wp-json\/wp\/v2\/pages\/772"}],"collection":[{"href":"https:\/\/isfd68-bue.infd.edu.ar\/sitio\/wp-json\/wp\/v2\/pages"}],"about":[{"href":"https:\/\/isfd68-bue.infd.edu.ar\/sitio\/wp-json\/wp\/v2\/types\/page"}],"author":[{"embeddable":true,"href":"https:\/\/isfd68-bue.infd.edu.ar\/sitio\/wp-json\/wp\/v2\/users\/4"}],"replies":[{"embeddable":true,"href":"https:\/\/isfd68-bue.infd.edu.ar\/sitio\/wp-json\/wp\/v2\/comments?post=772"}],"version-history":[{"count":6,"href":"https:\/\/isfd68-bue.infd.edu.ar\/sitio\/wp-json\/wp\/v2\/pages\/772\/revisions"}],"predecessor-version":[{"id":2049,"href":"https:\/\/isfd68-bue.infd.edu.ar\/sitio\/wp-json\/wp\/v2\/pages\/772\/revisions\/2049"}],"wp:attachment":[{"href":"https:\/\/isfd68-bue.infd.edu.ar\/sitio\/wp-json\/wp\/v2\/media?parent=772"}],"curies":[{"name":"wp","href":"https:\/\/api.w.org\/{rel}","templated":true}]}}