{"id":774,"date":"2019-07-29T16:42:09","date_gmt":"2019-07-29T19:42:09","guid":{"rendered":"https:\/\/isfd68-bue.infd.edu.ar\/sitio\/historia\/"},"modified":"2020-08-15T16:01:31","modified_gmt":"2020-08-15T19:01:31","slug":"historia","status":"publish","type":"page","link":"https:\/\/isfd68-bue.infd.edu.ar\/sitio\/historia\/","title":{"rendered":"Historia Institucional"},"content":{"rendered":"<p><span style=\"font-family: verdana; font-size: small;\">En el a\u00f1o 1970 la formaci\u00f3n de maestros se convierte en una carrera terciaria lo que trajo aparejada una perdida sensible de docentes quienes pierden la posibilidad de formarse en la localidad de Adolfo Gonz\u00e1les Chaves. Es por ello que las personas que deseaban formarse para la docencia deb\u00edan trasladarse a algunas ciudades vecinas como Institutos de formaci\u00f3n docente de Tres Arroyos, Benito Ju\u00e1rez, a aun localidades mas lejanas como Necochea, Bah\u00eda Blanca, Mar del Plata entre otras.<br \/>\n<\/span><\/p>\n<p>Es ante esta realidad que en el a\u00f1o 1984 se inician en el distrito los tramites para la creaci\u00f3n de un instituto de nivel terciario. Finalmente en el a\u00f1o 1985 el instituto inaugura oficialmente su anexo al instituto superior numero 33 de Tres Arroyos por resoluci\u00f3n ministerial n\u00b0 006 del 20\/02\/1985 De tal forma se produce la apertura de la carrera Magisterio Normal Superior, modalidad residentes el \u00ab2 de abril de 1985\u00bb.<\/p>\n<p>En el a\u00f1o 1987 se produce un cambio estructurales del plan de estudios donde aparece un tronco com\u00fan de un a\u00f1o de duraci\u00f3n donde se opta entre magisterio inicial o primaria.<\/p>\n<p>Posteriormente en el a\u00f1o 1992 respondiendo a\u00a0 las demandas comunitarias de producci\u00f3n local se gestiona la apertura de carreras t\u00e9cnicas como \u00abAdministraci\u00f3n agraria\u00bb, Administraci\u00f3n de peque\u00f1as Pymes a las que se sucedieron diversas tecnicaturas como:\u00a0 Administraci\u00f3n contable, comunicaci\u00f3n multimedial, Administraci\u00f3n de recursos humanos y gestor\u00eda.<\/p>\n<p>Siguiendo con el crecimiento de las demandas en la formaci\u00f3n t\u00e9cnica se fueron incorporando carreras relativas a la salud, como enfermer\u00eda, pedag\u00f3gico, acompa\u00f1amiento terap\u00e9utico y emergencias en salud las cuales se dictan en el presente. Este a\u00f1o 2020 se han sumado las tecnicaturas de Gastronom\u00eda y dise\u00f1o en indumentaria.<\/p>\n<p>Por su parte la formaci\u00f3n docente fue creciendo sumando a los profesorados de educaci\u00f3n primaria e inicial tradicionales, el de educaci\u00f3n especial, de lengua y literatura, de biolog\u00eda , de qu\u00edmica de educaci\u00f3n f\u00edsica y actualmente el de educaci\u00f3n secundaria en Historia..<\/p>\n","protected":false},"excerpt":{"rendered":"<p>En el a\u00f1o 1970 la formaci\u00f3n de maestros se convierte en una carrera terciaria lo que trajo aparejada una perdida sensible de docentes quienes pierden la posibilidad de formarse en la localidad de Adolfo Gonz\u00e1les Chaves. Es por ello que las personas que deseaban formarse para la docencia deb\u00edan trasladarse a algunas ciudades vecinas como &#8230; <a title=\"Historia Institucional\" class=\"read-more\" href=\"https:\/\/isfd68-bue.infd.edu.ar\/sitio\/historia\/\" aria-label=\"More on Historia Institucional\">[+]<\/a><\/p>\n","protected":false},"author":27,"featured_media":0,"parent":0,"menu_order":0,"comment_status":"closed","ping_status":"closed","template":"","meta":[],"acf":[],"_links":{"self":[{"href":"https:\/\/isfd68-bue.infd.edu.ar\/sitio\/wp-json\/wp\/v2\/pages\/774"}],"collection":[{"href":"https:\/\/isfd68-bue.infd.edu.ar\/sitio\/wp-json\/wp\/v2\/pages"}],"about":[{"href":"https:\/\/isfd68-bue.infd.edu.ar\/sitio\/wp-json\/wp\/v2\/types\/page"}],"author":[{"embeddable":true,"href":"https:\/\/isfd68-bue.infd.edu.ar\/sitio\/wp-json\/wp\/v2\/users\/27"}],"replies":[{"embeddable":true,"href":"https:\/\/isfd68-bue.infd.edu.ar\/sitio\/wp-json\/wp\/v2\/comments?post=774"}],"version-history":[{"count":6,"href":"https:\/\/isfd68-bue.infd.edu.ar\/sitio\/wp-json\/wp\/v2\/pages\/774\/revisions"}],"predecessor-version":[{"id":911,"href":"https:\/\/isfd68-bue.infd.edu.ar\/sitio\/wp-json\/wp\/v2\/pages\/774\/revisions\/911"}],"wp:attachment":[{"href":"https:\/\/isfd68-bue.infd.edu.ar\/sitio\/wp-json\/wp\/v2\/media?parent=774"}],"curies":[{"name":"wp","href":"https:\/\/api.w.org\/{rel}","templated":true}]}}