{"id":936,"date":"2020-08-16T11:51:52","date_gmt":"2020-08-16T14:51:52","guid":{"rendered":"https:\/\/isfd68-bue.infd.edu.ar\/sitio\/?page_id=936"},"modified":"2022-03-14T19:55:25","modified_gmt":"2022-03-14T22:55:25","slug":"soy-estudiante-nuevo","status":"publish","type":"page","link":"https:\/\/isfd68-bue.infd.edu.ar\/sitio\/soy-estudiante-nuevo\/","title":{"rendered":"Soy estudiante nuevo"},"content":{"rendered":"<p><strong><span style=\"color: #993300;\">Hola \u00bfC\u00f3mo estas?<\/span><\/strong><\/p>\n<p><em><strong><span style=\"color: #993300;\">Bienvenido\/a a nuestra instituci\u00f3n<\/span><\/strong><\/em>. En esta situaci\u00f3n particular vamos a relacionarnos en forma virtual pero intentando acompa\u00f1arte de todas las maneras posibles. Iremos haciendo un recorrido sobre lo que deber\u00e1s considerar para poder integrarte:<\/p>\n<p>1-Lee el apartado sobre la inscripci\u00f3n a las carreras 2022 y organiza tu documentaci\u00f3n para adjuntarla, enviarla por mail y preservarla para luego entregarla en la presencialidad.<\/p>\n<p>Verifica que toda la documentaci\u00f3n este en orden, ya que en alg\u00fan momento te podr\u00e1 bloquear tu cursada y no van a llamarte para avisar.<\/p>\n<p>2-Todos los tr\u00e1mites en relaci\u00f3n a las cursadas, matriculaci\u00f3n y calificaciones en el ISFD y T n68 est\u00e1n organizados por sistema digital. Por lo cual as\u00ed como al inscribirte lo hiciste llenado un formulario tambi\u00e9n lo har\u00e1s en otras situaciones como matriculaci\u00f3n, inscripci\u00f3n a mesas de examen, etc.<\/p>\n<p>2.1- La matriculaci\u00f3n a las materias es personal y se hace por la pagina: en este caso desde el 18 de abril al 22 de abril.<\/p>\n<p>\u00a02.b.Te recordamos que puedes hacer uso de las instalaciones del ISFD desde las 13.30 a 21.30 hs,\u00a0 no importa el turno de tu\u00a0 cursada. Pero deber\u00e1s considerar siempre nuestras normas de convivencia, distancia, barbijo, higiene y respeto en general.<\/p>\n<p>Ten en cuenta los horarios de tus cursadas elegidas y el aula que te corresponde.<\/p>\n<p>Tambi\u00e9n considera la forma de comunicaci\u00f3n con tu docente ya sea en forma virtual o en la presencialidad.<\/p>\n<p>2.c A los fines de seguir tu recorrido deber\u00e1s adquirir la \u00bb libreta del estudiante\u00bb. La misma se adquiere en la preceptor\u00eda del ISFD y T n 68 que est\u00e1 en la sede\u00a0 enviando previamente un mail a estudiantes.is68@gmail.com.<\/p>\n<p>2.d. No te olvides de leer las normativas sobre:<\/p>\n<p>-Plan Institucional de Evaluaci\u00f3n de los Aprendizajes.\u00a0 La informaci\u00f3n es important\u00edsima para tu cursada, como son los ex\u00e1menes\u00a0\u00a0y sus acreditaciones . Qu\u00e9 es una materia libre, una cursada Presencial, materias promocionales, virtuales , etc.<\/p>\n<p>ANEXO-AIC_Requisitos-complementarios-a-la-inscripci\u00f3n-y-presentaci\u00f3n-en-mesas-de-examen-8 (3)<a href=\"https:\/\/isfd68-bue.infd.edu.ar\/sitio\/wp-content\/uploads\/2022\/03\/ANEXO-AIC_Requisitos-complementarios-a-la-inscripcion-y-presentacion-en-mesas-de-examen-8-3-1.pdf\">https:\/\/isfd68-bue.infd.edu.ar\/sitio\/wp-content\/uploads\/2022\/03\/ANEXO-AIC_Requisitos-complementarios-a-la-inscripcion-y-presentacion-en-mesas-de-examen-8-3-1.pdf<\/a><\/p>\n<p>2.e-Para realizar muchos tr\u00e1mites ten en cuenta que la mayor\u00eda se puede hacer online solicitando lo que desees en el asunto (por ej.: equivalencias, becas, etc.) y colocando en el cuerpo del mail tu nombre tal como figura en el DNI y tu numero de DNI enviando al correo <strong>estudiantes.is68@gmail.com<\/strong><\/p>\n<p>Considera que esto lleva un tiempo de elaboraci\u00f3n\u00a0 r<strong>espetando el horario institucional <\/strong>que como m\u00ednimo ser\u00e1 de<strong> 48 horas<\/strong>.<\/p>\n<p>2.f- Te recordamos que no se puede fumar dentro del ISFD y T. n 68, ni tomar bebidas alcoh\u00f3licas.<\/p>\n<p>Muchos profesores permiten tomar mate en su clase, no te olvides de tirar la Yerba usada primero en una bolsa de basura que traes de tu casa\u00a0 y una vez cerrada la tiras en los cestos por favor . No tires comida h\u00fameda , ni Yerba directamente en los cestos. Tampoco en los ba\u00f1os o en el pasto. Recuerda que tu aula\/sal\u00f3n la utilizan otras carreras y que en el intermedio hay que realizar la limpieza.<\/p>\n<p>2.G- Nuestro tel\u00e9fono fijo es el 482081 el cual se atender\u00e1 en el horario institucional de 13.30 a 21.30 horas.<\/p>\n<p>Esperamos que tengas unos buenos a\u00f1os de cursada.!!!<\/p>\n<p>Seguiremos ampliando las comunicaciones!<\/p>\n<p>un gran saludo&#8230;<\/p>\n<p>Equipo institucional<\/p>\n\n\n<p><\/p>\n","protected":false},"excerpt":{"rendered":"<p>Hola \u00bfC\u00f3mo estas? Bienvenido\/a a nuestra instituci\u00f3n. En esta situaci\u00f3n particular vamos a relacionarnos en forma virtual pero intentando acompa\u00f1arte de todas las maneras posibles. Iremos haciendo un recorrido sobre lo que deber\u00e1s considerar para poder integrarte: 1-Lee el apartado sobre la inscripci\u00f3n a las carreras 2022 y organiza tu documentaci\u00f3n para adjuntarla, enviarla por &#8230; <a title=\"Soy estudiante nuevo\" class=\"read-more\" href=\"https:\/\/isfd68-bue.infd.edu.ar\/sitio\/soy-estudiante-nuevo\/\" aria-label=\"More on Soy estudiante nuevo\">[+]<\/a><\/p>\n","protected":false},"author":27,"featured_media":0,"parent":0,"menu_order":0,"comment_status":"closed","ping_status":"closed","template":"","meta":[],"acf":[],"_links":{"self":[{"href":"https:\/\/isfd68-bue.infd.edu.ar\/sitio\/wp-json\/wp\/v2\/pages\/936"}],"collection":[{"href":"https:\/\/isfd68-bue.infd.edu.ar\/sitio\/wp-json\/wp\/v2\/pages"}],"about":[{"href":"https:\/\/isfd68-bue.infd.edu.ar\/sitio\/wp-json\/wp\/v2\/types\/page"}],"author":[{"embeddable":true,"href":"https:\/\/isfd68-bue.infd.edu.ar\/sitio\/wp-json\/wp\/v2\/users\/27"}],"replies":[{"embeddable":true,"href":"https:\/\/isfd68-bue.infd.edu.ar\/sitio\/wp-json\/wp\/v2\/comments?post=936"}],"version-history":[{"count":11,"href":"https:\/\/isfd68-bue.infd.edu.ar\/sitio\/wp-json\/wp\/v2\/pages\/936\/revisions"}],"predecessor-version":[{"id":1556,"href":"https:\/\/isfd68-bue.infd.edu.ar\/sitio\/wp-json\/wp\/v2\/pages\/936\/revisions\/1556"}],"wp:attachment":[{"href":"https:\/\/isfd68-bue.infd.edu.ar\/sitio\/wp-json\/wp\/v2\/media?parent=936"}],"curies":[{"name":"wp","href":"https:\/\/api.w.org\/{rel}","templated":true}]}}