{"id":944,"date":"2020-08-16T11:57:40","date_gmt":"2020-08-16T14:57:40","guid":{"rendered":"https:\/\/isfd68-bue.infd.edu.ar\/sitio\/?page_id=944"},"modified":"2025-02-18T17:08:31","modified_gmt":"2025-02-18T20:08:31","slug":"documentacion","status":"publish","type":"page","link":"https:\/\/isfd68-bue.infd.edu.ar\/sitio\/documentacion\/","title":{"rendered":"Documentaci\u00f3n"},"content":{"rendered":"<p>1- Presentaci\u00f3n de la documentaci\u00f3n al momento de la inscripci\u00f3n a la carrera.<\/p>\n<p>Previo a este paso Ud. ha llenado un formulario, el mismo realiza una serie de preguntas que tienen formato de una declaraci\u00f3n jurada por lo cual aseg\u00farese de que sus datos sean verdaderos revisando antes de enviar el formulario. Si Ud. considera que ha cometido un error deber\u00e1 comunicarlo INMEDIATAMENTE al mail estudiantes.is68@gmail.com\u00a0 Recuerde que Ud. es responsable de estos procedimientos.<\/p>\n<ul>\n<li>Deber\u00e1 enviar la documentaci\u00f3n solicitada incluyendo el titulo o el certificado de titulo en tramite. En el caso que Ud. adeude materias\u00a0 del nivel secundario: deber\u00e1 presentar una constancia de las mismas en marzo, julio\/ agosto y diciembre del ciclo de inscripci\u00f3n. Si Ud. no ha regularizado su situaci\u00f3n para esa fecha no podr\u00e1 rendir los finales del ciclo 2025.<\/li>\n<\/ul>\n<p>2- Actualizaci\u00f3n de la documentaci\u00f3n en los casos en que:<\/p>\n<p>-haya cambiado de domicilio o tel\u00e9fono o mail<\/p>\n<p>-haya presentaci\u00f3n constancia de titulo en tramite la cual tiene una validez de 90 d\u00edas<\/p>\n<p>3- Solicitud de pases: ya sea desde otra instituci\u00f3n o hacia otra instituci\u00f3n. Deber\u00e1 solicitar a la instituci\u00f3n, sector secretaria\u00a0 el pedido de pase brindando su situaci\u00f3n acad\u00e9mica, direcci\u00f3n de correo electr\u00f3nico y autoridades a los cuales habr\u00e1 que dirigirse. (escribir al mail estudiantes.is68@gmail.com)<\/p>\n<p>4- Pedido de libreta del estudiante: por la situaci\u00f3n de la pandemia en este momento no estamos otorgando libretas en formato de papel. Estas en la instrucci\u00f3n de las mismas en forma virtual desde el campus virtual.<\/p>\n<p>5- Solicitud de constancias y certificados: estas pueden ser constancias de inscripci\u00f3n, de alumno regular, de anal\u00edticos, de asistencia a mesas de ex\u00e1menes. Las mismas tienen una duraci\u00f3n de confecci\u00f3n de entre 5 y 20 d\u00edas.<\/p>\n<p>6- Pedido de equivalencia: para ello deber\u00e1 completar la planilla que se encuentra en secci\u00f3n planillas de estudiantes y colocar los espacios origen y destino que considera acorde al nombre del espacio curricular y contenidos y su a\u00f1o de cursada de origen. Deber\u00e1 acercarse a secretaria para realizar el tramite escribiendo al mail de estudiantes.is68 y colocando en el asunto pedido de equivalencia.<\/p>\n","protected":false},"excerpt":{"rendered":"<p>1- Presentaci\u00f3n de la documentaci\u00f3n al momento de la inscripci\u00f3n a la carrera. Previo a este paso Ud. ha llenado un formulario, el mismo realiza una serie de preguntas que tienen formato de una declaraci\u00f3n jurada por lo cual aseg\u00farese de que sus datos sean verdaderos revisando antes de enviar el formulario. Si Ud. considera &#8230; <a title=\"Documentaci\u00f3n\" class=\"read-more\" href=\"https:\/\/isfd68-bue.infd.edu.ar\/sitio\/documentacion\/\" aria-label=\"More on Documentaci\u00f3n\">[+]<\/a><\/p>\n","protected":false},"author":27,"featured_media":0,"parent":0,"menu_order":0,"comment_status":"closed","ping_status":"closed","template":"","meta":[],"acf":[],"_links":{"self":[{"href":"https:\/\/isfd68-bue.infd.edu.ar\/sitio\/wp-json\/wp\/v2\/pages\/944"}],"collection":[{"href":"https:\/\/isfd68-bue.infd.edu.ar\/sitio\/wp-json\/wp\/v2\/pages"}],"about":[{"href":"https:\/\/isfd68-bue.infd.edu.ar\/sitio\/wp-json\/wp\/v2\/types\/page"}],"author":[{"embeddable":true,"href":"https:\/\/isfd68-bue.infd.edu.ar\/sitio\/wp-json\/wp\/v2\/users\/27"}],"replies":[{"embeddable":true,"href":"https:\/\/isfd68-bue.infd.edu.ar\/sitio\/wp-json\/wp\/v2\/comments?post=944"}],"version-history":[{"count":6,"href":"https:\/\/isfd68-bue.infd.edu.ar\/sitio\/wp-json\/wp\/v2\/pages\/944\/revisions"}],"predecessor-version":[{"id":2077,"href":"https:\/\/isfd68-bue.infd.edu.ar\/sitio\/wp-json\/wp\/v2\/pages\/944\/revisions\/2077"}],"wp:attachment":[{"href":"https:\/\/isfd68-bue.infd.edu.ar\/sitio\/wp-json\/wp\/v2\/media?parent=944"}],"curies":[{"name":"wp","href":"https:\/\/api.w.org\/{rel}","templated":true}]}}