{"id":952,"date":"2020-08-16T12:13:04","date_gmt":"2020-08-16T15:13:04","guid":{"rendered":"https:\/\/isfd68-bue.infd.edu.ar\/sitio\/?page_id=952"},"modified":"2025-12-04T17:32:39","modified_gmt":"2025-12-04T20:32:39","slug":"concursos-y-actos-publicos","status":"publish","type":"page","link":"https:\/\/isfd68-bue.infd.edu.ar\/sitio\/concursos-y-actos-publicos\/","title":{"rendered":"Concursos, actos p\u00fablicos y desempe\u00f1o institucional"},"content":{"rendered":"<p><span style=\"color: #339966;\">A-<\/span> <span style=\"color: #800000;\"><strong>Para tu concurso<\/strong><\/span> puedes encontrar resoluciones y disposiciones vigentes que te ayudaran en la construcci\u00f3n:<\/p>\n<p>1: Resoluci\u00f3n 4043\/09: R\u00e9gimen acad\u00e9mico:<\/p>\n<p><a href=\"http:\/\/www.abc.gov.ar\/artistica\/sites\/default\/files\/documentos\/res_4043_09_regimen_academico_marco_des.pdf\">http:\/\/www.abc.gov.ar\/artistica\/sites\/default\/files\/documentos\/res_4043_09_regimen_academico_marco_des.pdf<\/a><\/p>\n<p>2: Resoluci\u00f3n 3121: Ayudante de c\u00e1tedra:<\/p>\n<p><a href=\"http:\/\/servicios2.abc.gov.ar\/lainstitucion\/sistemaeducativo\/educsuperiorycapeducativa\/normativas\/documentos\/resolucion_nro3121ayudantedecatedra.pdf\">http:\/\/servicios2.abc.gov.ar\/lainstitucion\/sistemaeducativo\/educsuperiorycapeducativa\/normativas\/documentos\/resolucion_nro3121ayudantedecatedra.pdf<\/a><\/p>\n<p>3- Disposici\u00f3n n\u00b0 30: Para proyectos de c\u00e1tedra:<\/p>\n<p>http:\/\/abc.gob.ar\/educacion_superior\/sites\/default\/files\/disposicion_30-05_-_instructivo_confeccion_proyectos_de_catedra_2_1.pdf<\/p>\n<p>4- Resolucion 5886: Cobertura de cargos y armado del Anexo III<\/p>\n<p>http:\/\/servicios2.abc.gov.ar\/lainstitucion\/sistemaeducativo\/educsuperiorycapeducativa\/normativas\/documentos\/resolucion_nro5886_cobertura_de_catedra.pdf<\/p>\n<p>5- Gu\u00eda para la realizaci\u00f3n de Proyectos\u00a0<a href=\"https:\/\/isfd68-bue.infd.edu.ar\/sitio\/wp-content\/uploads\/2020\/12\/Guia-para-la-realizaci\u00f3n-de-proyectos-1.docx\">Guia para la realizaci\u00f3n de proyectos (1)<\/a><\/p>\n<p><span style=\"color: #339966;\">B- Te sugerimos<\/span> <strong><span style=\"color: #800000;\">bibliograf\u00eda<\/span> <\/strong>a considerar:<\/p>\n<p>1- Nuevas miradas sobre la evaluaci\u00f3n de los aprendizajes:<\/p>\n<p>https:\/\/scholar.google.com.ar\/scholar?q=evaluacion+de+anijovich&#038;hl=es&#038;as_sdt=0&#038;as_vis=1&#038;oi=scholart<\/p>\n<p>2- La evaluacion formativa en el nivel superior:<\/p>\n<p>https:\/\/dialnet.unirioja.es\/servlet\/articulo?codigo=6475459<\/p>\n<p><span style=\"color: #339966;\">C- Para<\/span> los <strong><span style=\"color: #800000;\">actos p\u00fablicos y desempe\u00f1o institucional:<\/span><\/strong><\/p>\n<p><strong>\u00bfQu\u00e9 debo hacer cada vez que tomo m\u00f3dulos, horas \u00a0\u00f3 cargo por Acto P\u00fablico o concurso?<\/strong><\/p>\n<p>Presentarse\u00a0 en Secretar\u00eda en los horarios y d\u00eda acordados previamente a los efectos de completar la Planilla de Toma de Posesi\u00f3n (hoja de ruta que debe Ud. llevar) y la ficha de actualizaci\u00f3n de datos y de legajo.<\/p>\n<p><strong>\u00bfCon qu\u00e9 herramientas en el entorno virtual debo contar?<\/strong><\/p>\n<p>El ISFD tiene un desarrollo\u00a0 en entornos virtuales, por tal motivo necesitamos que habilite una cuenta GMAIL, si no la tiene. Ingrese al\u00a0<a href=\"http:\/\/moodle.aulaformadores.net\/moodle\/\" target=\"_blank\" rel=\"noopener\">Campus Virtual<\/a>\u00a0y genere su usuario y contrase\u00f1a. Solicite su Usuario y Contrase\u00f1a en la secretaria de la institucional al mail : isdf68@gmail.com (solo para profesores o aspirantes a coberturas). Por favor estudiantes comunicarse al mail estudiantes.is68@gmail.com<\/p>\n<p><strong>\u00bfQu\u00e9 hacer en caso de ausencias\/licencias?<\/strong><\/p>\n<p>En primer lugar comunicarlo a la instituci\u00f3n (482081)\u00a0 y enviando un mail a <strong><span style=\"color: #800000;\">preceptor\u00eda<\/span> <\/strong>(mail: preceptoria68@gmail.com)lo antes posible, \u00a0para poder informar a los estudiantes.<\/p>\n<p>Las justificaciones de las inasistencias por enfermedad se suben a la aplicaci\u00f3n \u201c Mis Licencias\u201d del Sistema abc dentro de las 48 horas y adjuntando, como se indica , la foto de la constancia emitida por el profesional . Recibir\u00e1 inmediatamente, en su casilla de e-mail, una respuesta notificando la recepci\u00f3n de la solicitud.<\/p>\n<p>Si la inasistencia fuese por Causas Particulares (114.O.1), por estudio o Perfeccionamiento Docente (115.A), por Actividad de Inter\u00e9s P\u00fablico o del Estado (115. C.) , por Desempe\u00f1o de Mayor Jerarqu\u00eda (115.D.) las mismas ser\u00e1n comunicadas con 30 d\u00edas de anticipaci\u00f3n y se requiere de la presentaci\u00f3n de:<\/p>\n<p>-Planilla correspondiente (x3)<\/p>\n<p>\u2013 Nota dirigida al Director \u00a0informando sobre la licencia.<\/p>\n<p>-Documentaci\u00f3n respaldatoria<\/p>\n<p>\u2013 Fotocopia DNI<\/p>\n<p>\u2013 Fotocopia COULI<\/p>\n<p>Siempre se deber\u00e1 presentar el certificado respaldatorio, de lo contrario se aplicar\u00e1 \u00a0el art. 114.O. 4 \u00f3 125, seg\u00fan corresponda.<\/p>\n<p>Si la situaci\u00f3n de revista del docente es titular y provisional, debe confeccionarla por cada situaci\u00f3n<\/p>\n<p><strong>\u00bfQu\u00e9 hacer si me mudo?<\/strong><\/p>\n<p>En este caso se debe comunicar de forma urgente a esta Secretar\u00eda el cambio de domicilio y\/o de tel\u00e9fono.<\/p>\n<p><strong>\u00bfCu\u00e1ndo debo presentar la Declaraci\u00f3n Jurada de cargos<\/strong>?<\/p>\n<p>Antes del 30 de abril de cada a\u00f1o lectivo y 5 d\u00edas h\u00e1biles posteriores en caso de modificaci\u00f3n del desempe\u00f1o.<\/p>\n<p><strong>\u00bfC\u00f3mo debo presentar mi renuncia?<\/strong><\/p>\n<p>Es necesario utilizar el formulario vigente de acuerdo con \u00a0la situaci\u00f3n de revista.<\/p>\n<p><strong>\u00bfC\u00f3mo y d\u00f3nde debo solicitar constancias y\/o certificaci\u00f3n de servicios?<\/strong><\/p>\n<p>Ambas en <strong><span style=\"color: #800000;\">Preceptor\u00eda<\/span> <\/strong>(mail: preceptoria68@gmail.com), teniendo en cuenta que las constancias se expiden dentro de las 48 hs. y las certificaciones demoran una semana.<\/p>\n<p><strong>\u00bfC\u00f3mo averiguo cu\u00e1ndo y d\u00f3nde cobro?<\/strong><\/p>\n<p>Los plazos dependen de la carga en Contralor (La Plata).<\/p>\n<p>Primeramente ser\u00e1 por tiquetera (Fijarse en la p\u00e1gina\u00a0 si est\u00e1n disponibles los haberes y luego concurrir a Banco Pcia.) luego de lo cual a trav\u00e9s de la la p\u00e1gina\u00a0 \u00a0WEB (abc.gov.ar) se puede tramitar la bancarizaci\u00f3n para\u00a0 poder cobrar con tarjeta. Esto es un tr\u00e1mite personal.<\/p>\n<p><strong>\u00bfC\u00f3mo accedo al calificador de mis estudiantes?<\/strong><\/p>\n<p>Deber\u00e1s completar cuatrimestralmente el \u00abseguimiento de trayectorias\u00bb el cual ser\u00e1 compartido desde un link por preceptor\u00eda. Es muy importante que lo actualices en tiempo y forma ya que de esta presentaci\u00f3n depende la programaci\u00f3n de los ex\u00e1menes finales, el completamiento del libro matriz\u00a0 y la confecci\u00f3n de t\u00edtulos. Se compartir\u00e1 un enlace drive para que lo completes en cada cuatrimestre.<\/p>\n<p><b>\u00bfD\u00f3nde<\/b><strong>\u00a0busco las planillas de inasistencia?<\/strong><\/p>\n<p>Tendremos carpetas en la biblioteca de la sala de profesores\/as para que completes tanto las asistencias como el libro de temas.<\/p>\n<p><strong>\u00bfLas mesas de ex\u00e1menes d\u00f3nde se publican?<\/strong><\/p>\n<p>Una vez que llega el per\u00edodo de ex\u00e1menes se les compartir\u00e1 desde preceptor\u00eda un archivo excel con los d\u00edas y parejas de profesores que tomaran el espacio curricular. Se les pide que informen, confirmen o rectifiquen en caso que sea necesario con tiempo por favor.<\/p>\n<p>Agradecemos que hayas elegido esta Instituci\u00f3n para compartir tus saberes y desarrollarte\u00a0 profesionalmente. Una vez que uses esta gu\u00eda si encuentras una sugerencia para que la incluyamos en este dossier, env\u00edalo a preceptoria68@gmail.com<\/p>\n","protected":false},"excerpt":{"rendered":"<p>A- Para tu concurso puedes encontrar resoluciones y disposiciones vigentes que te ayudaran en la construcci\u00f3n: 1: Resoluci\u00f3n 4043\/09: R\u00e9gimen acad\u00e9mico: http:\/\/www.abc.gov.ar\/artistica\/sites\/default\/files\/documentos\/res_4043_09_regimen_academico_marco_des.pdf 2: Resoluci\u00f3n 3121: Ayudante de c\u00e1tedra: http:\/\/servicios2.abc.gov.ar\/lainstitucion\/sistemaeducativo\/educsuperiorycapeducativa\/normativas\/documentos\/resolucion_nro3121ayudantedecatedra.pdf 3- Disposici\u00f3n n\u00b0 30: Para proyectos de c\u00e1tedra: http:\/\/abc.gob.ar\/educacion_superior\/sites\/default\/files\/disposicion_30-05_-_instructivo_confeccion_proyectos_de_catedra_2_1.pdf 4- Resolucion 5886: Cobertura de cargos y armado del Anexo III http:\/\/servicios2.abc.gov.ar\/lainstitucion\/sistemaeducativo\/educsuperiorycapeducativa\/normativas\/documentos\/resolucion_nro5886_cobertura_de_catedra.pdf 5- Gu\u00eda para la realizaci\u00f3n &#8230; <a title=\"Concursos, actos p\u00fablicos y desempe\u00f1o institucional\" class=\"read-more\" href=\"https:\/\/isfd68-bue.infd.edu.ar\/sitio\/concursos-y-actos-publicos\/\" aria-label=\"More on Concursos, actos p\u00fablicos y desempe\u00f1o institucional\">[+]<\/a><\/p>\n","protected":false},"author":27,"featured_media":0,"parent":0,"menu_order":0,"comment_status":"closed","ping_status":"closed","template":"","meta":[],"acf":[],"_links":{"self":[{"href":"https:\/\/isfd68-bue.infd.edu.ar\/sitio\/wp-json\/wp\/v2\/pages\/952"}],"collection":[{"href":"https:\/\/isfd68-bue.infd.edu.ar\/sitio\/wp-json\/wp\/v2\/pages"}],"about":[{"href":"https:\/\/isfd68-bue.infd.edu.ar\/sitio\/wp-json\/wp\/v2\/types\/page"}],"author":[{"embeddable":true,"href":"https:\/\/isfd68-bue.infd.edu.ar\/sitio\/wp-json\/wp\/v2\/users\/27"}],"replies":[{"embeddable":true,"href":"https:\/\/isfd68-bue.infd.edu.ar\/sitio\/wp-json\/wp\/v2\/comments?post=952"}],"version-history":[{"count":24,"href":"https:\/\/isfd68-bue.infd.edu.ar\/sitio\/wp-json\/wp\/v2\/pages\/952\/revisions"}],"predecessor-version":[{"id":2242,"href":"https:\/\/isfd68-bue.infd.edu.ar\/sitio\/wp-json\/wp\/v2\/pages\/952\/revisions\/2242"}],"wp:attachment":[{"href":"https:\/\/isfd68-bue.infd.edu.ar\/sitio\/wp-json\/wp\/v2\/media?parent=952"}],"curies":[{"name":"wp","href":"https:\/\/api.w.org\/{rel}","templated":true}]}}