{"id":958,"date":"2020-08-16T12:14:24","date_gmt":"2020-08-16T15:14:24","guid":{"rendered":"https:\/\/isfd68-bue.infd.edu.ar\/sitio\/?page_id=958"},"modified":"2020-08-17T15:25:36","modified_gmt":"2020-08-17T18:25:36","slug":"solicitud-de-certificados","status":"publish","type":"page","link":"https:\/\/isfd68-bue.infd.edu.ar\/sitio\/solicitud-de-certificados\/","title":{"rendered":"Investigaciones y trabajos institucionales"},"content":{"rendered":"<p>Estimado profesor en este espacio le pedimos que envi\u00e9 su producci\u00f3n en formato PDF<span style=\"color: #800000;\">\u00a0al mail:<\/span><\/p>\n<p>68gchaves@gmail.com a los efectos de ser compartido en la secci\u00f3n Biblioteca.<\/p>\n<p>No olvide colocar su mail de contacto si es que desea establecer interacci\u00f3n con los lectores.<\/p>\n<p>La investigaci\u00f3n debe tener un formato tradicional a saber:<\/p>\n<p>1- Caratula: ubicaci\u00f3n, integrantes, fecha de elaboraci\u00f3n y presentaci\u00f3n<\/p>\n<p>2- Resumen<\/p>\n<p>3- Introducci\u00f3n<\/p>\n<p>4- Desarrollo<\/p>\n<p>5- Conclusi\u00f3n<\/p>\n<p>6- Bibliografia acorde a normas APA<\/p>\n","protected":false},"excerpt":{"rendered":"<p>Estimado profesor en este espacio le pedimos que envi\u00e9 su producci\u00f3n en formato PDF\u00a0al mail: 68gchaves@gmail.com a los efectos de ser compartido en la secci\u00f3n Biblioteca. No olvide colocar su mail de contacto si es que desea establecer interacci\u00f3n con los lectores. La investigaci\u00f3n debe tener un formato tradicional a saber: 1- Caratula: ubicaci\u00f3n, integrantes, &#8230; <a title=\"Investigaciones y trabajos institucionales\" class=\"read-more\" href=\"https:\/\/isfd68-bue.infd.edu.ar\/sitio\/solicitud-de-certificados\/\" aria-label=\"More on Investigaciones y trabajos institucionales\">[+]<\/a><\/p>\n","protected":false},"author":27,"featured_media":0,"parent":0,"menu_order":0,"comment_status":"closed","ping_status":"closed","template":"","meta":[],"acf":[],"_links":{"self":[{"href":"https:\/\/isfd68-bue.infd.edu.ar\/sitio\/wp-json\/wp\/v2\/pages\/958"}],"collection":[{"href":"https:\/\/isfd68-bue.infd.edu.ar\/sitio\/wp-json\/wp\/v2\/pages"}],"about":[{"href":"https:\/\/isfd68-bue.infd.edu.ar\/sitio\/wp-json\/wp\/v2\/types\/page"}],"author":[{"embeddable":true,"href":"https:\/\/isfd68-bue.infd.edu.ar\/sitio\/wp-json\/wp\/v2\/users\/27"}],"replies":[{"embeddable":true,"href":"https:\/\/isfd68-bue.infd.edu.ar\/sitio\/wp-json\/wp\/v2\/comments?post=958"}],"version-history":[{"count":6,"href":"https:\/\/isfd68-bue.infd.edu.ar\/sitio\/wp-json\/wp\/v2\/pages\/958\/revisions"}],"predecessor-version":[{"id":1050,"href":"https:\/\/isfd68-bue.infd.edu.ar\/sitio\/wp-json\/wp\/v2\/pages\/958\/revisions\/1050"}],"wp:attachment":[{"href":"https:\/\/isfd68-bue.infd.edu.ar\/sitio\/wp-json\/wp\/v2\/media?parent=958"}],"curies":[{"name":"wp","href":"https:\/\/api.w.org\/{rel}","templated":true}]}}