{"id":990,"date":"2020-08-16T12:27:53","date_gmt":"2020-08-16T15:27:53","guid":{"rendered":"https:\/\/isfd68-bue.infd.edu.ar\/sitio\/?page_id=990"},"modified":"2023-11-30T17:06:16","modified_gmt":"2023-11-30T20:06:16","slug":"tecnicatura-superior-en-diseno-de-indumentaria","status":"publish","type":"page","link":"https:\/\/isfd68-bue.infd.edu.ar\/sitio\/tecnicatura-superior-en-diseno-de-indumentaria\/","title":{"rendered":"Tecnicatura Superior en Desarrollo de Software_ INFO: Resoluci\u00f3n 5847\/19"},"content":{"rendered":"<p>\u00a0<\/p>\n<p>PERFIL PROFESIONAL<br \/>2.1 Alcance del Perfil Profesional<br \/>El T\u00e9cnico Superior en Desarrollo de Software estar\u00e1 capacitado para producir artefactos<br \/>de software, lo que comprende su dise\u00f1o detallado, construcci\u00f3n -reutilizando elementos<br \/>existentes o program\u00e1ndolos enteramente- y verificaci\u00f3n unitaria, as\u00ed como su<br \/>depuraci\u00f3n, optimizaci\u00f3n y mantenimiento; desarrollando las actividades descriptas en el<br \/>perfil profesional y cumpliendo con los criterios de realizaci\u00f3n establecidos para las<br \/>mismas en el marco de un equipo de trabajo organizado por proyecto.<br \/>El proceso de desarrollo de software es una tarea grupal, o tambi\u00e9n individual y muchas<br \/>veces multidisciplinaria que se organiza por proyectos. Cada proyecto es negociado y<br \/>acordado con el cliente o usuario y llevado a cabo por un equipo de trabajo constituido<br \/>\u201cad-hoc\u201d, conducido y administrado por un l\u00edder que mantiene la relaci\u00f3n diaria con el<br \/>cliente o usuario y asume la responsabilidad operativa del proyecto.<br \/>El software debe satisfacer especificaciones de requerimientos, ya sean \u00e9stas formales o<br \/>informales, las que pueden venir dadas por el cliente, alg\u00fan consultor especializado en el<br \/>tipo de problemas que aborda la aplicaci\u00f3n o ser elaboradas por alg\u00fan analista funcional<br \/>integrante del equipo de trabajo del proyecto. El equipo de desarrollo suele estar<br \/>4<br \/>integrado por un arquitecto de software, que establece el dise\u00f1o general del sistema y<br \/>especificaciones de calidad de la soluci\u00f3n, un grupo de desarrolladores de software, que<br \/>son quienes lo construyen y otro de \u201ctesting\u201d, que son los encargados de verificar que el<br \/>software producido cumpla los requisitos, tanto funcionales como de comportamiento,<br \/>oportunamente establecidos. Del equipo de trabajo pueden participar uno o m\u00e1s<br \/>analistas t\u00e9cnicos que se ocupan de detalles relativos a aspectos de tecnolog\u00eda,<br \/>seguridad, bases de datos o est\u00e1ndares de programaci\u00f3n y asesoran y dan apoyo<br \/>t\u00e9cnico a los desarrolladores. Eventualmente pueden participar dise\u00f1adores gr\u00e1ficos y<br \/>especialistas en otros aspectos espec\u00edficos.<br \/>A partir de especificaciones de dise\u00f1o y del conocimiento de la arquitectura del sistema,<br \/>los desarrolladores de software (tambi\u00e9n denominados analistas programadores o<br \/>programadores) dise\u00f1an en forma detallada la parte del software que les correspondiere,<br \/>la construyen, preferiblemente en base a artefactos de software ya existentes y<br \/>adaptando o escribiendo lo que sea necesario, as\u00ed como document\u00e1ndola para facilitar<br \/>su posterior mantenimiento por otros, verifican unitariamente lo producido y lo entregan<br \/>para ser probado integralmente e integrado al resto. Habitualmente, los desarrolladores,<br \/>que pueden estar especializados en una tecnolog\u00eda determinada, trabajan<br \/>individualmente o de a pares dentro de un grupo m\u00e1s numeroso, brind\u00e1ndose<br \/>mutuamente colaboraci\u00f3n para resolver los problemas que deben enfrentar y los que<br \/>tienen mayor experiencia suelen brindar orientaci\u00f3n (coaching) a los m\u00e1s noveles.<br \/>En algunos casos, sobre todo en lugares en los que organizaciones de escasa dimensi\u00f3n<br \/>y recursos no necesitan de software sofisticado o no pueden plantear requisitos de<br \/>calidad para el software que necesitan, el desarrollo de software suele ser efectuado por<br \/>realizadores independientes que asumen todas las funciones del equipo de desarrollo.<\/p>\n<p>Puedes chequear la carrera en el siguiente link:<\/p>\n<p><a href=\"https:\/\/isfd68-bue.infd.edu.ar\/sitio\/wp-content\/uploads\/2023\/11\/DesarrolloSoftware-5847-19.pdf\">DesarrolloSoftware-5847-19<\/a><\/p>\n\n\n<p><\/p>\n","protected":false},"excerpt":{"rendered":"<p>\u00a0 PERFIL PROFESIONAL2.1 Alcance del Perfil ProfesionalEl T\u00e9cnico Superior en Desarrollo de Software estar\u00e1 capacitado para producir artefactosde software, lo que comprende su dise\u00f1o detallado, construcci\u00f3n -reutilizando elementosexistentes o program\u00e1ndolos enteramente- y verificaci\u00f3n unitaria, as\u00ed como sudepuraci\u00f3n, optimizaci\u00f3n y mantenimiento; desarrollando las actividades descriptas en elperfil profesional y cumpliendo con los criterios de realizaci\u00f3n establecidos &#8230; <a title=\"Tecnicatura Superior en Desarrollo de Software_ INFO: Resoluci\u00f3n 5847\/19\" class=\"read-more\" href=\"https:\/\/isfd68-bue.infd.edu.ar\/sitio\/tecnicatura-superior-en-diseno-de-indumentaria\/\" aria-label=\"More on Tecnicatura Superior en Desarrollo de Software_ INFO: Resoluci\u00f3n 5847\/19\">[+]<\/a><\/p>\n","protected":false},"author":27,"featured_media":0,"parent":0,"menu_order":0,"comment_status":"closed","ping_status":"closed","template":"","meta":[],"acf":[],"_links":{"self":[{"href":"https:\/\/isfd68-bue.infd.edu.ar\/sitio\/wp-json\/wp\/v2\/pages\/990"}],"collection":[{"href":"https:\/\/isfd68-bue.infd.edu.ar\/sitio\/wp-json\/wp\/v2\/pages"}],"about":[{"href":"https:\/\/isfd68-bue.infd.edu.ar\/sitio\/wp-json\/wp\/v2\/types\/page"}],"author":[{"embeddable":true,"href":"https:\/\/isfd68-bue.infd.edu.ar\/sitio\/wp-json\/wp\/v2\/users\/27"}],"replies":[{"embeddable":true,"href":"https:\/\/isfd68-bue.infd.edu.ar\/sitio\/wp-json\/wp\/v2\/comments?post=990"}],"version-history":[{"count":27,"href":"https:\/\/isfd68-bue.infd.edu.ar\/sitio\/wp-json\/wp\/v2\/pages\/990\/revisions"}],"predecessor-version":[{"id":1913,"href":"https:\/\/isfd68-bue.infd.edu.ar\/sitio\/wp-json\/wp\/v2\/pages\/990\/revisions\/1913"}],"wp:attachment":[{"href":"https:\/\/isfd68-bue.infd.edu.ar\/sitio\/wp-json\/wp\/v2\/media?parent=990"}],"curies":[{"name":"wp","href":"https:\/\/api.w.org\/{rel}","templated":true}]}}